{"id":5937,"date":"2020-10-08T12:03:31","date_gmt":"2020-10-08T12:03:31","guid":{"rendered":"https:\/\/kapaprojekt.com\/naslovna\/"},"modified":"2022-01-12T11:31:20","modified_gmt":"2022-01-12T11:31:20","slug":"naslovna","status":"publish","type":"page","link":"https:\/\/kapaprojekt.com\/en\/","title":{"rendered":"Naslovna"},"content":{"rendered":"<p>[vc_row dfd_row_config=&#8221;full_width_content&#8221; full_height=&#8221;yes&#8221;][vc_column]\n\t\t\t<!-- START Slider 1 REVOLUTION SLIDER 6.2.23 --><p class=\"rs-p-wp-fix\"><\/p>\n\t\t\t<rs-module-wrap id=\"rev_slider_1_1_wrapper\" data-source=\"gallery\" style=\"background:transparent;padding:0;\">\n\t\t\t\t<rs-module id=\"rev_slider_1_1\" style=\"\" data-version=\"6.2.23\">\n\t\t\t\t\t<rs-slides>\n\t\t\t\t\t\t<rs-slide data-key=\"rs-1\" data-title=\"Slide\" data-duration=\"4000ms\" data-anim=\"ei:power0.in;eo:d;s:4000ms;r:0;t:blurstrongcross;sl:d;\" data-sloop=\"s:2500;e:4500;\">\n\t\t\t\t\t\t\t<img loading=\"lazy\" decoding=\"async\" src=\"\/\/kapaprojekt.com\/wp-content\/uploads\/revslider\/slider-1\/bazen-zajecar-kapaprojekt-1-1.jpg\" title=\"bazen-zajecar-kapaprojekt-1-1.jpg\" width=\"1920\" height=\"1080\" class=\"rev-slidebg\" data-no-retina>\n<!---->\t\t\t\t\t\t<\/rs-slide>\n\t\t\t\t\t\t<rs-slide data-key=\"rs-2\" data-title=\"Slide\" data-duration=\"3000ms\" data-anim=\"ei:power0.in;eo:d;s:4000ms;r:0;t:blurstrongcross;sl:d;\">\n\t\t\t\t\t\t\t<img loading=\"lazy\" decoding=\"async\" src=\"\/\/kapaprojekt.com\/wp-content\/uploads\/2020\/10\/Aneks-decije-klinike-u-okviru-klinickog-centra-u-Nisu-NURDOR-Kapaprojekt.jpg\" title=\"Aneks de\u010dije klinike u okviru klini\u010dkog centra u Ni\u0161u-NURDOR Kapaprojekt\" width=\"1920\" height=\"1080\" class=\"rev-slidebg\" data-no-retina>\n<!--\n\t\t\t\t\t\t\t--><rs-layer\n\t\t\t\t\t\t\t\tid=\"slider-1-slide-2-layer-2\" \n\t\t\t\t\t\t\t\tdata-type=\"shape\"\n\t\t\t\t\t\t\t\tdata-rsp_ch=\"on\"\n\t\t\t\t\t\t\t\tdata-xy=\"x:-298px;y:-134px;\"\n\t\t\t\t\t\t\t\tdata-text=\"w:normal;\"\n\t\t\t\t\t\t\t\tdata-dim=\"w:2275px;h:155px;\"\n\t\t\t\t\t\t\t\tdata-frame_0=\"sX:2;sY:2;\"\n\t\t\t\t\t\t\t\tdata-frame_0_mask=\"u:t;\"\n\t\t\t\t\t\t\t\tdata-frame_1=\"e:power2.out;sp:1000;\"\n\t\t\t\t\t\t\t\tdata-frame_1_mask=\"u:t;\"\n\t\t\t\t\t\t\t\tdata-frame_999=\"sX:2;sY:2;o:0;e:power2.out;st:w;sp:1000;\"\n\t\t\t\t\t\t\t\tdata-frame_999_mask=\"u:t;\"\n\t\t\t\t\t\t\t\tstyle=\"z-index:9;background-color:rgba(0,0,0,0);\"\n\t\t\t\t\t\t\t> \n\t\t\t\t\t\t\t<\/rs-layer><!--\n-->\t\t\t\t\t\t<\/rs-slide>\n\t\t\t\t\t\t<rs-slide data-key=\"rs-3\" data-title=\"Slide\" data-duration=\"3000ms\" data-anim=\"ei:d;eo:power0.in;s:4000ms;r:0;t:blurstrongcross;sl:d;\">\n\t\t\t\t\t\t\t<img loading=\"lazy\" decoding=\"async\" src=\"\/\/kapaprojekt.com\/wp-content\/uploads\/2020\/10\/Stadion-Cair-u-Nisu-Kapaprojekt-1.jpg\" title=\"Stadion \u010cair u Ni\u0161u Kapaprojekt\" width=\"1920\" height=\"1080\" class=\"rev-slidebg\" data-no-retina>\n<!--\n\t\t\t\t\t\t\t--><rs-layer\n\t\t\t\t\t\t\t\tid=\"slider-1-slide-3-layer-2\" \n\t\t\t\t\t\t\t\tdata-type=\"shape\"\n\t\t\t\t\t\t\t\tdata-rsp_ch=\"on\"\n\t\t\t\t\t\t\t\tdata-xy=\"x:-298px;y:-134px;\"\n\t\t\t\t\t\t\t\tdata-text=\"w:normal;\"\n\t\t\t\t\t\t\t\tdata-dim=\"w:2275px;h:155px;\"\n\t\t\t\t\t\t\t\tdata-frame_0=\"sX:2;sY:2;\"\n\t\t\t\t\t\t\t\tdata-frame_0_mask=\"u:t;\"\n\t\t\t\t\t\t\t\tdata-frame_1=\"e:power2.out;sp:1000;\"\n\t\t\t\t\t\t\t\tdata-frame_1_mask=\"u:t;\"\n\t\t\t\t\t\t\t\tdata-frame_999=\"sX:2;sY:2;o:0;e:power2.out;st:w;sp:1000;\"\n\t\t\t\t\t\t\t\tdata-frame_999_mask=\"u:t;\"\n\t\t\t\t\t\t\t\tstyle=\"z-index:8;background-color:rgba(109,109,109,0);\"\n\t\t\t\t\t\t\t> \n\t\t\t\t\t\t\t<\/rs-layer><!--\n-->\t\t\t\t\t\t<\/rs-slide>\n\t\t\t\t\t\t<rs-slide data-key=\"rs-6\" data-title=\"Slide\" data-duration=\"3000ms\" data-anim=\"ei:power0.in;eo:d;s:4000ms;r:0;t:blurstrongcross;sl:d;\">\n\t\t\t\t\t\t\t<img loading=\"lazy\" decoding=\"async\" src=\"\/\/kapaprojekt.com\/wp-content\/uploads\/2020\/10\/Rock-and-Roll-muzej-u-Zajecaru-Kapaprojekt.jpg\" title=\"Rock and Roll muzej u Zaje\u010daru Kapaprojekt\" width=\"1920\" height=\"1080\" class=\"rev-slidebg\" data-no-retina>\n<!--\n\t\t\t\t\t\t\t--><rs-layer\n\t\t\t\t\t\t\t\tid=\"slider-1-slide-6-layer-2\" \n\t\t\t\t\t\t\t\tdata-type=\"shape\"\n\t\t\t\t\t\t\t\tdata-rsp_ch=\"on\"\n\t\t\t\t\t\t\t\tdata-xy=\"x:-298px;y:-134px;\"\n\t\t\t\t\t\t\t\tdata-text=\"w:normal;\"\n\t\t\t\t\t\t\t\tdata-dim=\"w:2275px;h:155px;\"\n\t\t\t\t\t\t\t\tdata-frame_0=\"sX:2;sY:2;\"\n\t\t\t\t\t\t\t\tdata-frame_0_mask=\"u:t;\"\n\t\t\t\t\t\t\t\tdata-frame_1=\"e:power2.out;sp:1000;\"\n\t\t\t\t\t\t\t\tdata-frame_1_mask=\"u:t;\"\n\t\t\t\t\t\t\t\tdata-frame_999=\"sX:2;sY:2;o:0;e:power2.out;st:w;sp:1000;\"\n\t\t\t\t\t\t\t\tdata-frame_999_mask=\"u:t;\"\n\t\t\t\t\t\t\t\tstyle=\"z-index:9;background-color:rgba(0,0,0,0);\"\n\t\t\t\t\t\t\t> \n\t\t\t\t\t\t\t<\/rs-layer><!--\n-->\t\t\t\t\t\t<\/rs-slide>\n\t\t\t\t\t\t<rs-slide data-key=\"rs-7\" data-title=\"Slide\" data-duration=\"3000ms\" data-anim=\"ei:power0.in;eo:d;s:4000ms;r:0;t:blurstrongcross;sl:d;\">\n\t\t\t\t\t\t\t<img loading=\"lazy\" decoding=\"async\" src=\"\/\/kapaprojekt.com\/wp-content\/uploads\/2020\/10\/Evropski-vrtic-u-Boru-Kapaprojekt.jpg\" title=\"Evropski vrtic u Boru Kapaprojekt\" width=\"1920\" height=\"1080\" class=\"rev-slidebg\" data-no-retina>\n<!--\n\t\t\t\t\t\t\t--><rs-layer\n\t\t\t\t\t\t\t\tid=\"slider-1-slide-7-layer-2\" \n\t\t\t\t\t\t\t\tdata-type=\"shape\"\n\t\t\t\t\t\t\t\tdata-rsp_ch=\"on\"\n\t\t\t\t\t\t\t\tdata-xy=\"x:-298px;y:-134px;\"\n\t\t\t\t\t\t\t\tdata-text=\"w:normal;\"\n\t\t\t\t\t\t\t\tdata-dim=\"w:2275px;h:155px;\"\n\t\t\t\t\t\t\t\tdata-frame_0=\"sX:2;sY:2;\"\n\t\t\t\t\t\t\t\tdata-frame_0_mask=\"u:t;\"\n\t\t\t\t\t\t\t\tdata-frame_1=\"e:power2.out;sp:1000;\"\n\t\t\t\t\t\t\t\tdata-frame_1_mask=\"u:t;\"\n\t\t\t\t\t\t\t\tdata-frame_999=\"sX:2;sY:2;o:0;e:power2.out;st:w;sp:1000;\"\n\t\t\t\t\t\t\t\tdata-frame_999_mask=\"u:t;\"\n\t\t\t\t\t\t\t\tstyle=\"z-index:9;background-color:rgba(0,0,0,0);\"\n\t\t\t\t\t\t\t> \n\t\t\t\t\t\t\t<\/rs-layer><!--\n-->\t\t\t\t\t\t<\/rs-slide>\n\t\t\t\t\t\t<rs-slide data-key=\"rs-8\" data-title=\"Slide\" data-duration=\"3000ms\" data-anim=\"ei:power0.in;eo:d;s:4000ms;r:0;t:blurstrongcross;sl:d;\">\n\t\t\t\t\t\t\t<img loading=\"lazy\" decoding=\"async\" src=\"\/\/kapaprojekt.com\/wp-content\/uploads\/2020\/10\/Sportska-sala-Beska-Kapaprojekt.jpg\" title=\"Sportska sala Beska Kapaprojekt\" width=\"1920\" height=\"1080\" class=\"rev-slidebg\" data-no-retina>\n<!---->\t\t\t\t\t\t<\/rs-slide>\n\t\t\t\t\t<\/rs-slides>\n\t\t\t\t<\/rs-module>\n\t\t\t\t<script type=\"text\/javascript\">\n\t\t\t\t\tsetREVStartSize({c: 'rev_slider_1_1',rl:[1240,1024,778,480],el:[1000],gw:[1920],gh:[1000],type:'standard',justify:'',layout:'fullscreen',offsetContainer:'',offset:'',mh:\"0\"});\n\t\t\t\t\tvar\trevapi1,\n\t\t\t\t\t\ttpj;\n\t\t\t\t\tfunction revinit_revslider11() {\n\t\t\t\t\tjQuery(function() {\n\t\t\t\t\t\ttpj = jQuery;\n\t\t\t\t\t\trevapi1 = tpj(\"#rev_slider_1_1\");\n\t\t\t\t\t\tif(revapi1==undefined || revapi1.revolution == undefined){\n\t\t\t\t\t\t\trevslider_showDoubleJqueryError(\"rev_slider_1_1\");\n\t\t\t\t\t\t}else{\n\t\t\t\t\t\t\trevapi1.revolution({\n\t\t\t\t\t\t\t\tsliderLayout:\"fullscreen\",\n\t\t\t\t\t\t\t\tvisibilityLevels:\"1240,1024,778,480\",\n\t\t\t\t\t\t\t\tgridwidth:1920,\n\t\t\t\t\t\t\t\tgridheight:1000,\n\t\t\t\t\t\t\t\tspinner:\"spinner7\",\n\t\t\t\t\t\t\t\tperspective:600,\n\t\t\t\t\t\t\t\tperspectiveType:\"global\",\n\t\t\t\t\t\t\t\teditorheight:\"1000,768,960,720\",\n\t\t\t\t\t\t\t\tresponsiveLevels:\"1240,1024,778,480\",\n\t\t\t\t\t\t\t\tprogressBar:{disableProgressBar:true},\n\t\t\t\t\t\t\t\tnavigation: {\n\t\t\t\t\t\t\t\t\tonHoverStop:false\n\t\t\t\t\t\t\t\t},\n\t\t\t\t\t\t\t\tfallbacks: {\n\t\t\t\t\t\t\t\t\tallowHTML5AutoPlayOnAndroid:true\n\t\t\t\t\t\t\t\t},\n\t\t\t\t\t\t\t});\n\t\t\t\t\t\t}\n\t\t\t\t\t\t\n\t\t\t\t\t});\n\t\t\t\t\t} \/\/ End of RevInitScript\n\t\t\t\tvar once_revslider11 = false;\n\t\t\t\tif (document.readyState === \"loading\") {document.addEventListener('readystatechange',function() { if((document.readyState === \"interactive\" || document.readyState === \"complete\") && !once_revslider11 ) { once_revslider11 = true; revinit_revslider11();}});} else {once_revslider11 = true; revinit_revslider11();}\n\t\t\t\t<\/script>\n\t\t\t<\/rs-module-wrap>\n\t\t\t<!-- END REVOLUTION SLIDER -->\n[\/vc_column][\/vc_row]<\/p>\n","protected":false},"excerpt":{"rendered":"<p>[vc_row dfd_row_config=&#8221;full_width_content&#8221; full_height=&#8221;yes&#8221;][vc_column][\/vc_column][\/vc_row]<\/p>\n","protected":false},"author":1,"featured_media":0,"parent":0,"menu_order":0,"comment_status":"closed","ping_status":"closed","template":"tmp-page.php","meta":{"footnotes":""},"yoast_head":"<!-- This site is optimized with the Yoast SEO plugin v21.8 - https:\/\/yoast.com\/wordpress\/plugins\/seo\/ -->\n<title>Arhitektura i projektovanje, konsalting i nadzor projekata | Kapaprojekt<\/title>\n<meta name=\"description\" content=\"Arhitektura i projektovanje, konsalting i nadzor projekata, BIM usluge. Izrada projektne dokumentacije i vo\u0111enje investicija.\" \/>\n<meta name=\"robots\" content=\"index, follow, max-snippet:-1, max-image-preview:large, max-video-preview:-1\" \/>\n<link rel=\"canonical\" href=\"https:\/\/kapaprojekt.com\/en\/\" \/>\n<meta property=\"og:locale\" content=\"en_US\" \/>\n<meta property=\"og:type\" content=\"article\" \/>\n<meta property=\"og:title\" content=\"Arhitektura i projektovanje, konsalting i nadzor projekata | Kapaprojekt\" \/>\n<meta property=\"og:description\" content=\"Arhitektura i projektovanje, konsalting i nadzor projekata, BIM usluge. Izrada projektne dokumentacije i vo\u0111enje investicija.\" \/>\n<meta property=\"og:url\" content=\"https:\/\/kapaprojekt.com\/en\/\" \/>\n<meta property=\"og:site_name\" content=\"Kapaprojekt\" \/>\n<meta property=\"article:modified_time\" content=\"2022-01-12T11:31:20+00:00\" \/>\n<meta name=\"twitter:card\" content=\"summary_large_image\" \/>\n<script type=\"application\/ld+json\" class=\"yoast-schema-graph\">{\"@context\":\"https:\/\/schema.org\",\"@graph\":[{\"@type\":\"WebPage\",\"@id\":\"https:\/\/kapaprojekt.com\/en\/\",\"url\":\"https:\/\/kapaprojekt.com\/en\/\",\"name\":\"Arhitektura i projektovanje, konsalting i nadzor projekata | Kapaprojekt\",\"isPartOf\":{\"@id\":\"https:\/\/kapaprojekt.com\/#website\"},\"datePublished\":\"2020-10-08T12:03:31+00:00\",\"dateModified\":\"2022-01-12T11:31:20+00:00\",\"description\":\"Arhitektura i projektovanje, konsalting i nadzor projekata, BIM usluge. Izrada projektne dokumentacije i vo\u0111enje investicija.\",\"breadcrumb\":{\"@id\":\"https:\/\/kapaprojekt.com\/en\/#breadcrumb\"},\"inLanguage\":\"en-US\",\"potentialAction\":[{\"@type\":\"ReadAction\",\"target\":[\"https:\/\/kapaprojekt.com\/en\/\"]}]},{\"@type\":\"BreadcrumbList\",\"@id\":\"https:\/\/kapaprojekt.com\/en\/#breadcrumb\",\"itemListElement\":[{\"@type\":\"ListItem\",\"position\":1,\"name\":\"Home\",\"item\":\"https:\/\/kapaprojekt.com\/en\/\"},{\"@type\":\"ListItem\",\"position\":2,\"name\":\"Naslovna\"}]},{\"@type\":\"WebSite\",\"@id\":\"https:\/\/kapaprojekt.com\/#website\",\"url\":\"https:\/\/kapaprojekt.com\/\",\"name\":\"Kapaprojekt\",\"description\":\"Projektovanje In\u017eenjering Konsalting Nadzor BIM\",\"publisher\":{\"@id\":\"https:\/\/kapaprojekt.com\/#organization\"},\"potentialAction\":[{\"@type\":\"SearchAction\",\"target\":{\"@type\":\"EntryPoint\",\"urlTemplate\":\"https:\/\/kapaprojekt.com\/?s={search_term_string}\"},\"query-input\":\"required name=search_term_string\"}],\"inLanguage\":\"en-US\"},{\"@type\":\"Organization\",\"@id\":\"https:\/\/kapaprojekt.com\/#organization\",\"name\":\"Kapaprojekt\",\"url\":\"https:\/\/kapaprojekt.com\/\",\"logo\":{\"@type\":\"ImageObject\",\"inLanguage\":\"en-US\",\"@id\":\"https:\/\/kapaprojekt.com\/#\/schema\/logo\/image\/\",\"url\":\"https:\/\/kapaprojekt.com\/wp-content\/uploads\/2020\/11\/logo-za-mobilni-kapaprojekt.png\",\"contentUrl\":\"https:\/\/kapaprojekt.com\/wp-content\/uploads\/2020\/11\/logo-za-mobilni-kapaprojekt.png\",\"width\":180,\"height\":68,\"caption\":\"Kapaprojekt\"},\"image\":{\"@id\":\"https:\/\/kapaprojekt.com\/#\/schema\/logo\/image\/\"}}]}<\/script>\n<!-- \/ Yoast SEO plugin. -->","yoast_head_json":{"title":"Arhitektura i projektovanje, konsalting i nadzor projekata | Kapaprojekt","description":"Arhitektura i projektovanje, konsalting i nadzor projekata, BIM usluge. Izrada projektne dokumentacije i vo\u0111enje investicija.","robots":{"index":"index","follow":"follow","max-snippet":"max-snippet:-1","max-image-preview":"max-image-preview:large","max-video-preview":"max-video-preview:-1"},"canonical":"https:\/\/kapaprojekt.com\/en\/","og_locale":"en_US","og_type":"article","og_title":"Arhitektura i projektovanje, konsalting i nadzor projekata | Kapaprojekt","og_description":"Arhitektura i projektovanje, konsalting i nadzor projekata, BIM usluge. Izrada projektne dokumentacije i vo\u0111enje investicija.","og_url":"https:\/\/kapaprojekt.com\/en\/","og_site_name":"Kapaprojekt","article_modified_time":"2022-01-12T11:31:20+00:00","twitter_card":"summary_large_image","schema":{"@context":"https:\/\/schema.org","@graph":[{"@type":"WebPage","@id":"https:\/\/kapaprojekt.com\/en\/","url":"https:\/\/kapaprojekt.com\/en\/","name":"Arhitektura i projektovanje, konsalting i nadzor projekata | Kapaprojekt","isPartOf":{"@id":"https:\/\/kapaprojekt.com\/#website"},"datePublished":"2020-10-08T12:03:31+00:00","dateModified":"2022-01-12T11:31:20+00:00","description":"Arhitektura i projektovanje, konsalting i nadzor projekata, BIM usluge. Izrada projektne dokumentacije i vo\u0111enje investicija.","breadcrumb":{"@id":"https:\/\/kapaprojekt.com\/en\/#breadcrumb"},"inLanguage":"en-US","potentialAction":[{"@type":"ReadAction","target":["https:\/\/kapaprojekt.com\/en\/"]}]},{"@type":"BreadcrumbList","@id":"https:\/\/kapaprojekt.com\/en\/#breadcrumb","itemListElement":[{"@type":"ListItem","position":1,"name":"Home","item":"https:\/\/kapaprojekt.com\/en\/"},{"@type":"ListItem","position":2,"name":"Naslovna"}]},{"@type":"WebSite","@id":"https:\/\/kapaprojekt.com\/#website","url":"https:\/\/kapaprojekt.com\/","name":"Kapaprojekt","description":"Projektovanje In\u017eenjering Konsalting Nadzor BIM","publisher":{"@id":"https:\/\/kapaprojekt.com\/#organization"},"potentialAction":[{"@type":"SearchAction","target":{"@type":"EntryPoint","urlTemplate":"https:\/\/kapaprojekt.com\/?s={search_term_string}"},"query-input":"required name=search_term_string"}],"inLanguage":"en-US"},{"@type":"Organization","@id":"https:\/\/kapaprojekt.com\/#organization","name":"Kapaprojekt","url":"https:\/\/kapaprojekt.com\/","logo":{"@type":"ImageObject","inLanguage":"en-US","@id":"https:\/\/kapaprojekt.com\/#\/schema\/logo\/image\/","url":"https:\/\/kapaprojekt.com\/wp-content\/uploads\/2020\/11\/logo-za-mobilni-kapaprojekt.png","contentUrl":"https:\/\/kapaprojekt.com\/wp-content\/uploads\/2020\/11\/logo-za-mobilni-kapaprojekt.png","width":180,"height":68,"caption":"Kapaprojekt"},"image":{"@id":"https:\/\/kapaprojekt.com\/#\/schema\/logo\/image\/"}}]}},"_links":{"self":[{"href":"https:\/\/kapaprojekt.com\/en\/wp-json\/wp\/v2\/pages\/5937"}],"collection":[{"href":"https:\/\/kapaprojekt.com\/en\/wp-json\/wp\/v2\/pages"}],"about":[{"href":"https:\/\/kapaprojekt.com\/en\/wp-json\/wp\/v2\/types\/page"}],"author":[{"embeddable":true,"href":"https:\/\/kapaprojekt.com\/en\/wp-json\/wp\/v2\/users\/1"}],"replies":[{"embeddable":true,"href":"https:\/\/kapaprojekt.com\/en\/wp-json\/wp\/v2\/comments?post=5937"}],"version-history":[{"count":1,"href":"https:\/\/kapaprojekt.com\/en\/wp-json\/wp\/v2\/pages\/5937\/revisions"}],"predecessor-version":[{"id":5938,"href":"https:\/\/kapaprojekt.com\/en\/wp-json\/wp\/v2\/pages\/5937\/revisions\/5938"}],"wp:attachment":[{"href":"https:\/\/kapaprojekt.com\/en\/wp-json\/wp\/v2\/media?parent=5937"}],"curies":[{"name":"wp","href":"https:\/\/api.w.org\/{rel}","templated":true}]}}